{"id":60,"date":"2023-02-13T18:41:40","date_gmt":"2023-02-13T18:41:40","guid":{"rendered":"https:\/\/e-seller.erasmus.site\/?page_id=60"},"modified":"2023-04-17T07:30:32","modified_gmt":"2023-04-17T07:30:32","slug":"project-partners","status":"publish","type":"page","link":"https:\/\/e-seller.erasmus.site\/pl\/project-partners\/","title":{"rendered":"Partnerzy Projektu"},"content":{"rendered":"<p><img fetchpriority=\"high\" decoding=\"async\" class=\"size-full wp-image-71 aligncenter\" src=\"https:\/\/e-seller.erasmus.site\/wp-content\/uploads\/2023\/02\/whkt.png\" alt=\"\" width=\"300\" height=\"300\" srcset=\"https:\/\/e-seller.erasmus.site\/wp-content\/uploads\/2023\/02\/whkt.png 300w, https:\/\/e-seller.erasmus.site\/wp-content\/uploads\/2023\/02\/whkt-150x150.png 150w\" sizes=\"(max-width: 300px) 100vw, 300px\" \/><\/p>\n<h3 style=\"text-align: center;\"><strong>Westdeutscher Handwerkskammertag (WHKT) \u2013 Koordynator Projektu<\/strong><\/h3>\n<p>Westdeutscher Handwerkskammertag (www.whkt.de) z siedzib\u0105 w D\u00fcsseldorfie jest regionaln\u0105 rad\u0105 reprezentuj\u0105c\u0105 i \u0142\u0105cz\u0105c\u0105 siedem izb rzemie\u015blniczych w Nadrenii P\u00f3\u0142nocnej Westfalii. Do specjalistycznych temat\u00f3w priorytetowych dla WHKT nale\u017c\u0105 prawo rzemie\u015blnicze, handlowe i przemys\u0142owe, sprawy organizacyjne oraz polityka kszta\u0142cenia zawodowego i szkolnictwa. Ponadto WHKT zajmuje si\u0119 tak\u017ce spostrze\u017ceniami ekonomicznymi i statystyk\u0105, ekspertyzami, sprawami planowania i ochrony \u015brodowiska, Europy, multimediami, projektowaniem i programowaniem oraz prac\u0105 PR.<\/p>\n<p>Link do strony: <a href=\"http:\/\/www.whkt.de\">www.whkt.de<\/a><\/p>\n<hr \/>\n<p><img decoding=\"async\" class=\"wp-image-68 size-full aligncenter\" src=\"https:\/\/e-seller.erasmus.site\/wp-content\/uploads\/2023\/02\/euru.png\" alt=\"\" width=\"300\" height=\"300\" srcset=\"https:\/\/e-seller.erasmus.site\/wp-content\/uploads\/2023\/02\/euru.png 300w, https:\/\/e-seller.erasmus.site\/wp-content\/uploads\/2023\/02\/euru-150x150.png 150w\" sizes=\"(max-width: 300px) 100vw, 300px\" \/><\/p>\n<h3 style=\"text-align: center;\"><strong>Europe Unlimited e.V.<\/strong><\/h3>\n<p>Stowarzyszenie non-profit Europe Unlimited e.V. zosta\u0142o za\u0142o\u017cone w 2015 r. w celu projektowania, wdra\u017cania i testowania \u015brodk\u00f3w i dzia\u0142a\u0144, kt\u00f3re mog\u0105 s\u0142u\u017cy\u0107 prze\u0142amywaniu uprzedze\u0144 i granic w\u015br\u00f3d ludzi ze wszystkich \u015brodowisk i w ka\u017cdym wieku poprzez zrozumienie, spotkania i uczenie si\u0119 mi\u0119dzykulturowe oraz umo\u017cliwienie transgranicznej wymiany kulturalnej na poziomie europejskim.<br \/>\nStowarzyszenie Europe Unlimited widzi swoj\u0105 rol\u0119 i swoj\u0105 szczeg\u00f3ln\u0105 si\u0142\u0119 w zgromadzeniu pod wsp\u00f3lnym dachem ekspert\u00f3w z r\u00f3\u017cnych dziedzin, aby m\u00f3c optymalnie wykorzysta\u0107 ich specjalistyczn\u0105 wiedz\u0119 w rozumieniu cel\u00f3w statutowych.<\/p>\n<p><strong>Wiedza specjalistyczna<\/strong><\/p>\n<p>Europe Unlimited \u0142\u0105czy kluczowe kompetencje w r\u00f3\u017cnych obszarach poprzez cz\u0142onk\u00f3w stowarzyszenia:<\/p>\n<ul>\n<li>Technologie informacyjne i komunikacyjne w tym programowanie aplikacji i aplikacji internetowych;<\/li>\n<li><span class=\"HwtZe\" lang=\"pl\"><span class=\"jCAhz ChMk0b\"><span class=\"ryNqvb\">Zarz\u0105dzanie projektami z funduszami europejskimi, krajowymi i regionalnymi;<\/span><\/span><\/span><\/li>\n<li>Edukacja, szkolenia i kszta\u0142cenie zawodowe;<\/li>\n<li>Prawo i ustawodawstwo; i<\/li>\n<li>Ubezpieczenie i bankowo\u015b\u0107.<\/li>\n<\/ul>\n<p>Nasi cz\u0142onkowie maj\u0105 r\u00f3wnie\u017c du\u017ce do\u015bwiadczenie w kierowaniu i zarz\u0105dzaniu r\u00f3\u017cnymi stowarzyszeniami w sektorze wolontariatu, maj\u0105 doskona\u0142y dost\u0119p do instytucji dla m\u0142odzie\u017cy, m\u0142odych doros\u0142ych i os\u00f3b wywodz\u0105cych si\u0119 ze \u015brodowisk migracyjnych, a tak\u017ce os\u00f3b znajduj\u0105cych si\u0119 w niestabilnej sytuacji, takich jak m\u0142odzi wi\u0119\u017aniowie w wieku od 14 do 24 lat wywodz\u0105cy i nie wywodz\u0105cy si\u0119 ze \u015brodowisk migracyjnych oraz do administracji powi\u0105zanych zak\u0142ad\u00f3w karnych.<\/p>\n<p><strong>Szczeg\u00f3lny kontekst spo\u0142eczny<\/strong><\/p>\n<p>Zainteresowanie Europe Unlimited i jej cz\u0142onk\u00f3w realizacj\u0105 projekt\u00f3w z funduszy europejskich wynika z wielkich wyzwa\u0144, z kt\u00f3rymi polityka i spo\u0142ecze\u0144stwo musz\u0105 sobie radzi\u0107 w dzisiejszym \u015bwiecie. Jej cz\u0142onkowie postrzegaj\u0105 siebie jako ogniwo \u0142\u0105cz\u0105ce spo\u0142ecze\u0144stwo, osoby w niestabilnej sytuacji i gospodark\u0119 i chcieliby \u015bwiadomie, dzi\u0119ki swoim kompetencjom i wiedzy, aktywnie przyczyni\u0107 si\u0119 do poprawy integracji spo\u0142ecznej.<\/p>\n<p>Internet: <a href=\"http:\/\/www.europe-unlimited.org\" target=\"_blank\" rel=\"noopener\">www.europe-unlimited.org<\/a><\/p>\n<hr \/>\n<p><img decoding=\"async\" class=\"wp-image-69 size-full aligncenter\" src=\"https:\/\/e-seller.erasmus.site\/wp-content\/uploads\/2023\/02\/sthev.png\" alt=\"\" width=\"300\" height=\"300\" srcset=\"https:\/\/e-seller.erasmus.site\/wp-content\/uploads\/2023\/02\/sthev.png 300w, https:\/\/e-seller.erasmus.site\/wp-content\/uploads\/2023\/02\/sthev-150x150.png 150w\" sizes=\"(max-width: 300px) 100vw, 300px\" \/><\/p>\n<h3 style=\"text-align: center;\"><strong>Stowarzyszenie Przemys\u0142u i Przedsi\u0119biorstw Tesalskich (STHEV)<\/strong><\/h3>\n<p>Stowarzyszenie Przemys\u0142u i Przedsi\u0119biorstw Tesalskich (STHEV) jest sercem dzia\u0142alno\u015bci gospodarczej i \u015bwiata biznesu w Tesalii, a tak\u017ce reprezentuje partnera spo\u0142ecznego, kt\u00f3ry zdecydowanie przyczynia si\u0119 do tworzenia dogodnych warunk\u00f3w, kt\u00f3re s\u0105 korzystne dla dzia\u0142alno\u015bci gospodarczej i og\u00f3lnie dla rozwoju gospodarczego. Praca Stowarzyszenia sk\u0142ada si\u0119 z r\u00f3\u017cnych dzia\u0142a\u0144, w tym monitorowania, studiowania, badania i promowania kwestii przedsi\u0119biorczo\u015bci, kultury solidarno\u015bci mi\u0119dzy firmami, wsp\u00f3\u0142pracy z w\u0142adzami publicznymi i zwi\u0105zkami zawodowymi w celu wzmocnienia dialogu spo\u0142ecznego, udzia\u0142u w krajowych i mi\u0119dzynarodowych komitetach, radach, konferencjach, wystawach i wydarzeniach dotycz\u0105cych aspekt\u00f3w gospodarczych, a tak\u017ce rozwijania inicjatyw maj\u0105cych na celu promowanie i wspieranie og\u00f3lnych interes\u00f3w gospodarki narodowej.<\/p>\n<p>Strona internetowa: <a href=\"https:\/\/www.sthev.gr\/\" target=\"_blank\" rel=\"noopener\">https:\/\/www.sthev.gr\/<\/a><\/p>\n<hr \/>\n<p><img loading=\"lazy\" decoding=\"async\" class=\"wp-image-65 size-full aligncenter\" src=\"https:\/\/e-seller.erasmus.site\/wp-content\/uploads\/2023\/02\/kainotomia.png\" alt=\"\" width=\"300\" height=\"300\" srcset=\"https:\/\/e-seller.erasmus.site\/wp-content\/uploads\/2023\/02\/kainotomia.png 300w, https:\/\/e-seller.erasmus.site\/wp-content\/uploads\/2023\/02\/kainotomia-150x150.png 150w\" sizes=\"(max-width: 300px) 100vw, 300px\" \/><\/p>\n<h3 style=\"text-align: center;\"><strong>KAINOTOMIA<\/strong><\/h3>\n<p>KAINOTOMIA to Centrum Kszta\u0142cenia Ustawicznego drugiego stopnia (KE.DI.VI.M2) z siedzib\u0105 w Larissie w Grecji, kt\u00f3re zajmuje si\u0119 mi\u0119dzy innymi kszta\u0142ceniem i szkoleniem zawodowym. KAINOTOMIA wdro\u017cy\u0142a wiele innowacyjnych program\u00f3w ci\u0105g\u0142ego szkolenia zawodowego dla os\u00f3b bezrobotnych, pracownik\u00f3w\/samozatrudnionych, nauczycieli, trener\u00f3w i uczestnik\u00f3w szkole\u0144 ze wszystkich sektor\u00f3w edukacji, a tak\u017ce grup spo\u0142ecznych znajduj\u0105cych si\u0119 w trudnej sytuacji, w celu rozwijania ich zawodowych mo\u017cliwo\u015bci oraz wspierania i integracji na rynku pracy i w spo\u0142ecze\u0144stwie. KAINOTOMIA zapewnia szkolenia w r\u00f3\u017cnych dziedzinach, na kt\u00f3re jest du\u017ce zapotrzebowanie na obecnym rynku pracy, aby rozwin\u0105\u0107 wiedz\u0119, umiej\u0119tno\u015bci i postawy uczestnik\u00f3w.<\/p>\n<p>Link do KAINOTOMIA strona internetowa (wersja angielska) <a href=\"https:\/\/kainotomia.com.gr\/en\/\" target=\"_blank\" rel=\"noopener\">https:\/\/kainotomia.com.gr\/en\/<\/a><\/p>\n<hr \/>\n<p><img loading=\"lazy\" decoding=\"async\" class=\"size-full wp-image-62 aligncenter\" src=\"https:\/\/e-seller.erasmus.site\/wp-content\/uploads\/2023\/02\/rig.png\" alt=\"\" width=\"300\" height=\"300\" srcset=\"https:\/\/e-seller.erasmus.site\/wp-content\/uploads\/2023\/02\/rig.png 300w, https:\/\/e-seller.erasmus.site\/wp-content\/uploads\/2023\/02\/rig-150x150.png 150w\" sizes=\"(max-width: 300px) 100vw, 300px\" \/><\/p>\n<h3 style=\"text-align: center;\"><strong>Regionalna Izba Gospodarcza w Katowicach<\/strong><\/h3>\n<p>Regionalna Izba Gospodarcza w Katowicach jest instytucj\u0105 wspieraj\u0105c\u0105 od 30 lat ma\u0142e i \u015brednie firmy w regionie \u015bl\u0105skim. Skupiamy ponad 500 firm zlokalizowanych w Polsce i pozosta\u0142ej cz\u0119\u015bci Europy. Nasz\u0105 misj\u0105 jest wspieranie ma\u0142ych i \u015brednich przedsi\u0119biorstw oraz wsp\u00f3\u0142praca z instytucjami naukowymi, biznesowymi, samorz\u0105dowymi i rz\u0105dowymi w celu tworzenia \u015brodowiska wspieraj\u0105cego biznes na \u015bwiecie, du\u017c\u0105 wag\u0119 przyk\u0142adamy do wsp\u00f3\u0142pracy mi\u0119dzynarodowej<br \/>\ndzi\u0119ki kt\u00f3rej umo\u017cliwiamy naszym cz\u0142onkom rozw\u00f3j na rynkach zagranicznych. Jeste\u015bmy organizatorem Europejskiego Kongresu Ma\u0142ych i \u015arednich Przedsi\u0119biorstw &#8211; najwi\u0119kszego wydarzenia dedykowanego M\u015aP w Europie.<\/p>\n<p>Strona internetowa: <a href=\"http:\/\/www.rig.katowice.pl\" target=\"_blank\" rel=\"noopener noreferrer\">www.rig.katowice.pl<\/a><\/p>\n<hr \/>\n<h3 style=\"text-align: center;\"><img loading=\"lazy\" decoding=\"async\" class=\"size-full wp-image-63 aligncenter\" src=\"https:\/\/e-seller.erasmus.site\/wp-content\/uploads\/2023\/02\/danmar.png\" alt=\"\" width=\"300\" height=\"300\" srcset=\"https:\/\/e-seller.erasmus.site\/wp-content\/uploads\/2023\/02\/danmar.png 300w, https:\/\/e-seller.erasmus.site\/wp-content\/uploads\/2023\/02\/danmar-150x150.png 150w\" sizes=\"(max-width: 300px) 100vw, 300px\" \/><br \/>\n<strong>Danmar Computers<\/strong><\/h3>\n<p>Danmar Computers LLC jest prywatn\u0105 firm\u0105 dzia\u0142aj\u0105c\u0105 w dziedzinie technologii informacyjnej i prowadz\u0105c\u0105 szkolenia zawodowe w tym zakresie. Danmar posiada bogate do\u015bwiadczenie w tworzeniu nowoczesnych aplikacji internetowych i mobilnych, kt\u00f3re s\u0105 wykorzystywane do cel\u00f3w edukacyjnych. Danmar posiada r\u00f3wnie\u017c wieloletnie do\u015bwiadczenie w realizacji projekt\u00f3w europejskich, w ramach kt\u00f3rych pracownicy dzia\u0142u R&amp;D firmy prowadz\u0105 badania i przygotowuj\u0105 szkolenia dostosowane do potrzeb r\u00f3\u017cnych s\u0142uchaczy. W ci\u0105gu 22 lat Danmar z powodzeniem zrealizowa\u0142 ponad 100 projekt\u00f3w w ramach program\u00f3w Grundtvig, Leonardo da Vinci, Progress oraz Erasmus+. W wielu z tych projekt\u00f3w Danmar by\u0142 odpowiedzialny za projektowanie i koordynacj\u0119 strategii rozpowszechniania.<\/p>\n<p>Danmar Computers jest tw\u00f3rc\u0105 i dostawc\u0105 AdminProject, systemu online do zarz\u0105dzania projektami europejskimi. Wszystkie dzia\u0142ania firmy oparte s\u0105 na szerokiej i dobrze rozwini\u0119tej sieci wsp\u00f3\u0142pracy, zar\u00f3wno na poziomie krajowym jak i mi\u0119dzynarodowym. Sieci krajowe obejmuj\u0105 instytucje szkoleniowe i doradcze, uniwersytety, szko\u0142y, organizacje pozarz\u0105dowe, a tak\u017ce firmy z sektora prywatnego. Sieci mi\u0119dzynarodowe obejmuj\u0105 partner\u00f3w o r\u00f3\u017cnym profilu pochodz\u0105cych z ka\u017cdego kraju Unii Europejskiej. Misj\u0105 Danmar Computer jest promowanie edukacji przez ca\u0142e \u017cycie oraz zapewnienie r\u00f3wnego dost\u0119pu do edukacji dla wszystkich z wykorzystaniem nowoczesnych technologii.<\/p>\n<p><strong>Strona internetowa: <\/strong><\/p>\n<p><a href=\"https:\/\/danmar-computers.com.pl\" target=\"_blank\" rel=\"noopener\">https:\/\/danmar-computers.com.pl<\/a><\/p>\n<p><strong>Media spo\u0142eczno\u015bciowe:<\/strong><\/p>\n<p>Facebook: <a href=\"https:\/\/www.facebook.com\/pages\/Danmar-Computers\/144597388897753\" target=\"_blank\" rel=\"noopener\">https:\/\/www.facebook.com\/pages\/Danmar-Computers\/144597388897753<\/a><\/p>\n<p>LinkedIn: <a href=\"https:\/\/www.linkedin.com\/company\/danmar-computers\" target=\"_blank\" rel=\"noopener\">https:\/\/www.linkedin.com\/company\/danmar-computers<\/a><\/p>\n<p>Twitter: <a href=\"https:\/\/twitter.com\/DanmarComputers\" target=\"_blank\" rel=\"noopener\">https:\/\/twitter.com\/DanmarComputers<\/a><\/p>","protected":false},"excerpt":{"rendered":"<p>Westdeutscher Handwerkskammertag (WHKT) \u2013 Koordynator Projektu Westdeutscher Handwerkskammertag (www.whkt.de) z siedzib\u0105 w D\u00fcsseldorfie jest regionaln\u0105 rad\u0105 reprezentuj\u0105c\u0105 i \u0142\u0105cz\u0105c\u0105 siedem izb rzemie\u015blniczych w Nadrenii P\u00f3\u0142nocnej Westfalii. Do specjalistycznych temat\u00f3w priorytetowych dla WHKT nale\u017c\u0105 prawo rzemie\u015blnicze, handlowe i przemys\u0142owe, sprawy organizacyjne oraz polityka kszta\u0142cenia zawodowego i szkolnictwa. Ponadto WHKT zajmuje si\u0119 tak\u017ce spostrze\u017ceniami ekonomicznymi i statystyk\u0105,&hellip;&nbsp;<\/p>\n","protected":false},"author":1,"featured_media":0,"parent":0,"menu_order":0,"comment_status":"closed","ping_status":"closed","template":"","meta":{"neve_meta_sidebar":"","neve_meta_container":"","neve_meta_enable_content_width":"off","neve_meta_content_width":100,"neve_meta_title_alignment":"","neve_meta_author_avatar":"","neve_post_elements_order":"","neve_meta_disable_header":"","neve_meta_disable_footer":"","neve_meta_disable_title":"","footnotes":""},"class_list":["post-60","page","type-page","status-publish","hentry"],"_links":{"self":[{"href":"https:\/\/e-seller.erasmus.site\/pl\/wp-json\/wp\/v2\/pages\/60","targetHints":{"allow":["GET"]}}],"collection":[{"href":"https:\/\/e-seller.erasmus.site\/pl\/wp-json\/wp\/v2\/pages"}],"about":[{"href":"https:\/\/e-seller.erasmus.site\/pl\/wp-json\/wp\/v2\/types\/page"}],"author":[{"embeddable":true,"href":"https:\/\/e-seller.erasmus.site\/pl\/wp-json\/wp\/v2\/users\/1"}],"replies":[{"embeddable":true,"href":"https:\/\/e-seller.erasmus.site\/pl\/wp-json\/wp\/v2\/comments?post=60"}],"version-history":[{"count":16,"href":"https:\/\/e-seller.erasmus.site\/pl\/wp-json\/wp\/v2\/pages\/60\/revisions"}],"predecessor-version":[{"id":129,"href":"https:\/\/e-seller.erasmus.site\/pl\/wp-json\/wp\/v2\/pages\/60\/revisions\/129"}],"wp:attachment":[{"href":"https:\/\/e-seller.erasmus.site\/pl\/wp-json\/wp\/v2\/media?parent=60"}],"curies":[{"name":"wp","href":"https:\/\/api.w.org\/{rel}","templated":true}]}}