{"id":60,"date":"2023-02-13T18:41:40","date_gmt":"2023-02-13T18:41:40","guid":{"rendered":"https:\/\/e-seller.erasmus.site\/?page_id=60"},"modified":"2023-04-17T07:30:32","modified_gmt":"2023-04-17T07:30:32","slug":"project-partners","status":"publish","type":"page","link":"https:\/\/e-seller.erasmus.site\/de\/project-partners\/","title":{"rendered":"Projektpartner"},"content":{"rendered":"<p><img fetchpriority=\"high\" decoding=\"async\" class=\"size-full wp-image-71 aligncenter\" src=\"https:\/\/e-seller.erasmus.site\/wp-content\/uploads\/2023\/02\/whkt.png\" alt=\"\" width=\"300\" height=\"300\" srcset=\"https:\/\/e-seller.erasmus.site\/wp-content\/uploads\/2023\/02\/whkt.png 300w, https:\/\/e-seller.erasmus.site\/wp-content\/uploads\/2023\/02\/whkt-150x150.png 150w\" sizes=\"(max-width: 300px) 100vw, 300px\" \/><\/p>\n<h3 style=\"text-align: center;\"><strong>Westdeutscher Handwerkskammertag (WHKT) \u2013 Projektkoordinator<\/strong><\/h3>\n<p>Der Westdeutsche Handwerkskammertag (www.whkt.de) mit Sitz in D\u00fcsseldorf ist die regionale Vertretung und der Zusammenschluss der sieben Handwerkskammern in Nordrhein-Westfalen. Zu den fachlichen Schwerpunkten des WHKT geh\u00f6ren das Handwerks- und Gewerberecht, Organisationsfragen sowie die Berufsbildungs- und Schulpolitik. Dar\u00fcber hinaus befasst sich der WHKT mit Wirtschaftsbeobachtung und Statistik, Sachverst\u00e4ndigenwesen, Planungs- und Umweltfragen, Europa, Multimedia, Design und Programmierung sowie \u00d6ffentlichkeitsarbeit.<\/p>\n<p>Link zur Webseite: <a href=\"http:\/\/www.whkt.de\">www.whkt.de<\/a><\/p>\n<hr \/>\n<p><img decoding=\"async\" class=\"wp-image-68 size-full aligncenter\" src=\"https:\/\/e-seller.erasmus.site\/wp-content\/uploads\/2023\/02\/euru.png\" alt=\"\" width=\"300\" height=\"300\" srcset=\"https:\/\/e-seller.erasmus.site\/wp-content\/uploads\/2023\/02\/euru.png 300w, https:\/\/e-seller.erasmus.site\/wp-content\/uploads\/2023\/02\/euru-150x150.png 150w\" sizes=\"(max-width: 300px) 100vw, 300px\" \/><\/p>\n<h3 style=\"text-align: center;\"><strong>Europe Unlimited e.V.<\/strong><\/h3>\n<p>Der gemeinn\u00fctzige Verein Europe Unlimited e.V. wurde 2015 mit dem Ziel gegr\u00fcndet, Ma\u00dfnahmen und Aktionen zu konzipieren, umzusetzen und zu erproben, die dazu dienen k\u00f6nnen, durch Verst\u00e4ndigung, Begegnung und interkulturelles Lernen Vorurteile und Grenzen zwischen Menschen aller Schichten und Altersgruppen abzubauen und einen l\u00e4nder\u00fcbergreifenden Kulturaustausch auf europ\u00e4ischer Ebene zu erm\u00f6glichen.<br \/>\nEurope Unlimited sieht seine Rolle und seine besondere St\u00e4rke darin, Experten aus verschiedenen Bereichen unter einem gemeinsamen Dach zusammenzubringen, um deren komplement\u00e4res Fachwissen optimal im Sinne der gesetzlichen Ziele nutzen zu k\u00f6nnen.<\/p>\n<p><strong>Besonderes Fachwissen<\/strong><\/p>\n<p>Europe Unlimited b\u00fcndelt \u00fcber seine Verbandsmitglieder zentrale Schl\u00fcsselkompetenzen in verschiedenen Bereichen:<\/p>\n<ul>\n<li>Informations- und Kommunikationstechnologien, einschlie\u00dflich der Programmierung von Anwendungen und Webanwendungen;<\/li>\n<li>Verwaltung von Projekten mit europ\u00e4ischer, nationaler und regionaler Finanzierung;<\/li>\n<li>Bildung, Ausbildung und Berufsbildung;<\/li>\n<li>Recht und Gesetzgebung; und<\/li>\n<li>Versicherungen und Banken.<\/li>\n<\/ul>\n<p>Unsere Mitglieder verf\u00fcgen zudem \u00fcber gro\u00dfe Erfahrung in der Leitung und Verwaltung verschiedener Vereine im Freiwilligensektor, haben einen ausgezeichneten Zugang zu Einrichtungen f\u00fcr Jugendliche, junge Erwachsene und Menschen mit Migrationshintergrund sowie zu Menschen in prek\u00e4ren Verh\u00e4ltnissen, wie z. B. jungen Strafgefangenen im Alter von 14 bis 24 Jahren mit und ohne Migrationshintergrund und der dazugeh\u00f6rigen Gef\u00e4ngnisverwaltung.<\/p>\n<p><strong>Besonderer sozialer Kontext<\/strong><\/p>\n<p>Das Interesse von Europe Unlimited und seinen Mitgliedern an der Umsetzung von europ\u00e4ischen F\u00f6rderprojekten ergibt sich aus den gro\u00dfen Herausforderungen, die Politik und Gesellschaft in der heutigen Zeit zu bew\u00e4ltigen haben. Die Mitglieder verstehen sich als Bindeglied zwischen Gesellschaft, Menschen in prek\u00e4ren Situationen und Wirtschaft und m\u00f6chten mit ihren Kompetenzen, Zug\u00e4ngen und Kenntnissen bewusst einen aktiven Beitrag zur Verbesserung der sozialen Integration leisten.<\/p>\n<p>Internet: <a href=\"http:\/\/www.europe-unlimited.org\" target=\"_blank\" rel=\"noopener\">www.europe-unlimited.org<\/a><\/p>\n<hr \/>\n<p><img decoding=\"async\" class=\"wp-image-69 size-full aligncenter\" src=\"https:\/\/e-seller.erasmus.site\/wp-content\/uploads\/2023\/02\/sthev.png\" alt=\"\" width=\"300\" height=\"300\" srcset=\"https:\/\/e-seller.erasmus.site\/wp-content\/uploads\/2023\/02\/sthev.png 300w, https:\/\/e-seller.erasmus.site\/wp-content\/uploads\/2023\/02\/sthev-150x150.png 150w\" sizes=\"(max-width: 300px) 100vw, 300px\" \/><\/p>\n<h3 style=\"text-align: center;\"><strong>Verband der thessalischen Industrie und Unternehmen (STHEV)<\/strong><\/h3>\n<p>Der Verband der Thessalischen Industrien und Unternehmen (STHEV) ist das Herz der wirtschaftlichen T\u00e4tigkeit und der Gesch\u00e4ftswelt in Thessalien und stellt auch einen etablierten Sozialpartner dar, der entschlossen zur Schaffung g\u00fcnstiger Bedingungen beitr\u00e4gt, die die unternehmerische T\u00e4tigkeit und die gesamte wirtschaftliche Entwicklung im Allgemeinen beg\u00fcnstigen. Die Arbeit des Verbandes setzt sich aus verschiedenen Aktivit\u00e4ten zusammen, darunter die Beobachtung, Untersuchung, Erforschung und F\u00f6rderung von Fragen des Unternehmertums, die Kultur der Solidarit\u00e4t zwischen den Unternehmen, die Zusammenarbeit mit Beh\u00f6rden und Gewerkschaften zur St\u00e4rkung des sozialen Dialogs, die Teilnahme an nationalen und internationalen Aussch\u00fcssen, R\u00e4ten, Konferenzen, Ausstellungen und Veranstaltungen, die sich mit wirtschaftlichen Zielen befassen, und die Entwicklung von Initiativen, die zur F\u00f6rderung und zum Beitrag zu den Gesamtinteressen der nationalen Wirtschaft dienen.<\/p>\n<p>Webseite: <a href=\"https:\/\/www.sthev.gr\/\" target=\"_blank\" rel=\"noopener\">https:\/\/www.sthev.gr\/<\/a><\/p>\n<hr \/>\n<p><img loading=\"lazy\" decoding=\"async\" class=\"wp-image-65 size-full aligncenter\" src=\"https:\/\/e-seller.erasmus.site\/wp-content\/uploads\/2023\/02\/kainotomia.png\" alt=\"\" width=\"300\" height=\"300\" srcset=\"https:\/\/e-seller.erasmus.site\/wp-content\/uploads\/2023\/02\/kainotomia.png 300w, https:\/\/e-seller.erasmus.site\/wp-content\/uploads\/2023\/02\/kainotomia-150x150.png 150w\" sizes=\"(max-width: 300px) 100vw, 300px\" \/><\/p>\n<h3 style=\"text-align: center;\"><strong>KAINOTOMIA<\/strong><\/h3>\n<p>KAINOTOMIA ist ein Zentrum f\u00fcr lebenslanges Lernen der Stufe 2 (KE.DI.VI.M2) mit Sitz in Larissa, Griechenland, das unter anderem im Bereich der beruflichen Bildung t\u00e4tig ist. KAINOTOMIA hat zahlreiche innovative berufliche Weiterbildungsprogramme f\u00fcr Arbeitslose, Angestellte\/Selbstst\u00e4ndige, Erzieher, Ausbilder und Auszubildende aller Bildungsbereiche sowie f\u00fcr benachteiligte soziale Gruppen durchgef\u00fchrt, um deren berufliche Chancen zu verbessern und ihre Integration in den Arbeitsmarkt und die Gesellschaft im Allgemeinen zu f\u00f6rdern. KAINOTOMIA bietet Schulungen in verschiedenen Bereichen an, die auf dem heutigen Arbeitsmarkt stark nachgefragt werden, um das Wissen, die F\u00e4higkeiten und die Einstellungen der Teilnehmer zu entwickeln.<\/p>\n<p>Link zur KAINOTOMIA-Webseite (Englische Version): <a href=\"https:\/\/kainotomia.com.gr\/en\/\" target=\"_blank\" rel=\"noopener\">https:\/\/kainotomia.com.gr\/en\/<\/a><\/p>\n<hr \/>\n<p><img loading=\"lazy\" decoding=\"async\" class=\"size-full wp-image-62 aligncenter\" src=\"https:\/\/e-seller.erasmus.site\/wp-content\/uploads\/2023\/02\/rig.png\" alt=\"\" width=\"300\" height=\"300\" srcset=\"https:\/\/e-seller.erasmus.site\/wp-content\/uploads\/2023\/02\/rig.png 300w, https:\/\/e-seller.erasmus.site\/wp-content\/uploads\/2023\/02\/rig-150x150.png 150w\" sizes=\"(max-width: 300px) 100vw, 300px\" \/><\/p>\n<h3 style=\"text-align: center;\"><strong>Industrie- und Handelskammer in Kattowitz<\/strong><\/h3>\n<p>Die Industrie- und Handelskammer in Kattowitz ist eine Institution, die seit 30 Jahren kleine und mittlere Unternehmen in der schlesischen Region Polens unterst\u00fctzt. Wir bestehen aus mehr als 500 Unternehmen in Polen und im \u00fcbrigen Europa. Unsere Aufgabe ist es, KMU zu unterst\u00fctzen und mit wissenschaftlichen, gesch\u00e4ftlichen, Selbstregierungs- und Regierungsinstitutionen zusammenzuarbeiten, um ein unterst\u00fctzendes Umfeld f\u00fcr Unternehmen in der Welt zu schaffen. Wir legen gro\u00dfen Wert auf die internationale Zusammenarbeit unserer Organisation, dank derer wir unseren Mitgliedern die Entwicklung auf ausl\u00e4ndischen M\u00e4rkten erm\u00f6glichen. Wir sind Organisator des Europ\u00e4ischen Kongresses f\u00fcr kleine und mittlere Unternehmen &#8211; der gr\u00f6\u00dften Veranstaltung f\u00fcr KMU in Europa.<\/p>\n<p>Webseite: <a href=\"http:\/\/www.rig.katowice.pl\" target=\"_blank\" rel=\"noopener noreferrer\">www.rig.katowice.pl<\/a><\/p>\n<hr \/>\n<h3 style=\"text-align: center;\"><img loading=\"lazy\" decoding=\"async\" class=\"size-full wp-image-63 aligncenter\" src=\"https:\/\/e-seller.erasmus.site\/wp-content\/uploads\/2023\/02\/danmar.png\" alt=\"\" width=\"300\" height=\"300\" srcset=\"https:\/\/e-seller.erasmus.site\/wp-content\/uploads\/2023\/02\/danmar.png 300w, https:\/\/e-seller.erasmus.site\/wp-content\/uploads\/2023\/02\/danmar-150x150.png 150w\" sizes=\"(max-width: 300px) 100vw, 300px\" \/><br \/>\n<strong>Danmar Computers<\/strong><\/h3>\n<p>Danmar Computers LLC ist ein privates Unternehmen, das auf dem Gebiet der Informationstechnologie t\u00e4tig ist und Berufsausbildungen in diesem Bereich anbietet. Danmar verf\u00fcgt \u00fcber umfangreiche Erfahrung in der Entwicklung moderner Web- und Mobilanwendungen, die zu Bildungszwecken eingesetzt werden. Danmar verf\u00fcgt auch \u00fcber langj\u00e4hrige Erfahrung in der Durchf\u00fchrung europ\u00e4ischer Projekte, in deren Rahmen das F&amp;E-Personal des Unternehmens Forschungen durchf\u00fchrt und Schulungen vorbereitet, die auf die Bed\u00fcrfnisse der verschiedenen Lernenden zugeschnitten sind. In 22 Jahren hat Danmar \u00fcber 100 Projekte im Rahmen von Grundtvig, Leonardo da Vinci, Progress und Erasmus+ erfolgreich durchgef\u00fchrt. Bei vielen dieser Projekte war Danmar f\u00fcr die Gestaltung und Koordinierung von Verbreitungsstrategien verantwortlich.<\/p>\n<p>Danmar Computers ist der Entwickler und Anbieter von AdminProject, dem Online-System f\u00fcr die Verwaltung europ\u00e4ischer Projekte. Alle Aktivit\u00e4ten des Unternehmens st\u00fctzen sich auf ein breites und gut etabliertes Kooperationsnetzwerk, sowohl auf nationaler als auch auf internationaler Ebene. Zu den nationalen Netzwerken geh\u00f6ren Ausbildungs- und Beratungseinrichtungen, Universit\u00e4ten, Schulen, Nichtregierungsorganisationen sowie Unternehmen der Privatwirtschaft. Zu den internationalen Netzwerken geh\u00f6ren Partner mit unterschiedlichen Profilen aus allen L\u00e4ndern der Europ\u00e4ischen Union. Die Aufgabe von Danmar Computer ist die F\u00f6rderung des lebenslangen Lernens und die Sicherstellung eines gleichberechtigten Zugangs zur Bildung f\u00fcr alle durch den Einsatz moderner Technologie.<\/p>\n<p><strong>Webseite: <\/strong><\/p>\n<p><a href=\"https:\/\/danmar-computers.com.pl\" target=\"_blank\" rel=\"noopener\">https:\/\/danmar-computers.com.pl<\/a><\/p>\n<p><strong>Social Media:<\/strong><\/p>\n<p>Facebook: <a href=\"https:\/\/www.facebook.com\/pages\/Danmar-Computers\/144597388897753\" target=\"_blank\" rel=\"noopener\">https:\/\/www.facebook.com\/pages\/Danmar-Computers\/144597388897753<\/a><\/p>\n<p>LinkedIn: <a href=\"https:\/\/www.linkedin.com\/company\/danmar-computers\" target=\"_blank\" rel=\"noopener\">https:\/\/www.linkedin.com\/company\/danmar-computers<\/a><\/p>\n<p>Twitter: <a href=\"https:\/\/twitter.com\/DanmarComputers\" target=\"_blank\" rel=\"noopener\">https:\/\/twitter.com\/DanmarComputers<\/a><\/p>","protected":false},"excerpt":{"rendered":"<p>Westdeutscher Handwerkskammertag (WHKT) \u2013 Projektkoordinator Der Westdeutsche Handwerkskammertag (www.whkt.de) mit Sitz in D\u00fcsseldorf ist die regionale Vertretung und der Zusammenschluss der sieben Handwerkskammern in Nordrhein-Westfalen. Zu den fachlichen Schwerpunkten des WHKT geh\u00f6ren das Handwerks- und Gewerberecht, Organisationsfragen sowie die Berufsbildungs- und Schulpolitik. Dar\u00fcber hinaus befasst sich der WHKT mit Wirtschaftsbeobachtung und Statistik, Sachverst\u00e4ndigenwesen, Planungs- und&hellip;&nbsp;<\/p>\n","protected":false},"author":1,"featured_media":0,"parent":0,"menu_order":0,"comment_status":"closed","ping_status":"closed","template":"","meta":{"neve_meta_sidebar":"","neve_meta_container":"","neve_meta_enable_content_width":"off","neve_meta_content_width":100,"neve_meta_title_alignment":"","neve_meta_author_avatar":"","neve_post_elements_order":"","neve_meta_disable_header":"","neve_meta_disable_footer":"","neve_meta_disable_title":"","footnotes":""},"class_list":["post-60","page","type-page","status-publish","hentry"],"_links":{"self":[{"href":"https:\/\/e-seller.erasmus.site\/de\/wp-json\/wp\/v2\/pages\/60","targetHints":{"allow":["GET"]}}],"collection":[{"href":"https:\/\/e-seller.erasmus.site\/de\/wp-json\/wp\/v2\/pages"}],"about":[{"href":"https:\/\/e-seller.erasmus.site\/de\/wp-json\/wp\/v2\/types\/page"}],"author":[{"embeddable":true,"href":"https:\/\/e-seller.erasmus.site\/de\/wp-json\/wp\/v2\/users\/1"}],"replies":[{"embeddable":true,"href":"https:\/\/e-seller.erasmus.site\/de\/wp-json\/wp\/v2\/comments?post=60"}],"version-history":[{"count":16,"href":"https:\/\/e-seller.erasmus.site\/de\/wp-json\/wp\/v2\/pages\/60\/revisions"}],"predecessor-version":[{"id":129,"href":"https:\/\/e-seller.erasmus.site\/de\/wp-json\/wp\/v2\/pages\/60\/revisions\/129"}],"wp:attachment":[{"href":"https:\/\/e-seller.erasmus.site\/de\/wp-json\/wp\/v2\/media?parent=60"}],"curies":[{"name":"wp","href":"https:\/\/api.w.org\/{rel}","templated":true}]}}