{"id":406,"date":"2024-10-10T10:58:00","date_gmt":"2024-10-10T10:58:00","guid":{"rendered":"https:\/\/e-seller.erasmus.site\/?page_id=406"},"modified":"2024-10-10T10:58:00","modified_gmt":"2024-10-10T10:58:00","slug":"e-seller-privacy-policy","status":"publish","type":"page","link":"https:\/\/e-seller.erasmus.site\/de\/e-seller-privacy-policy\/","title":{"rendered":"E-SELLER Datenschutzrichtlinie"},"content":{"rendered":"<p>Gem\u00e4\u00df dem europ\u00e4ischen Gesetz zum Schutz pers\u00f6nlicher Daten &#8211; der General Data Protection Regulation (GDPR) &#8211; m\u00f6chten wir Sie dar\u00fcber informieren, dass Ihre pers\u00f6nlichen Daten, die Sie f\u00fcr den Zugang zum E-SELLER Lernportal zur Verf\u00fcgung stellen m\u00fcssen, ausschlie\u00dflich f\u00fcr administrative Zwecke verwendet werden. F\u00fcr Details lesen Sie bitte unsere Datenschutzbestimmungen.<\/p>\n<p>Wenn in der folgenden Datenschutzerkl\u00e4rung von &#8222;Service&#8220; die Rede ist, ist damit die E-Learning-Plattform gemeint, die im Rahmen des von der Europ\u00e4ischen Union finanziert Projekts E-SELLER (Projektnummer 2022-1-DE02-KA220-VET-000085685) unter <a href=\"https:\/\/e-seller.erasmus.site\/\">https:\/\/e-seller.erasmus.site\/<\/a>, \/ zur Verf\u00fcgung steht.<\/p>\n<p>Danmar Computers Sp. z o.o., mit Sitz in Rzesz\u00f3w, 35-068, ul. Grunwaldzka 16c, eingetragen beim Amtsgericht in Rzesz\u00f3w, XII. Handelsabteilung des Landesgerichtsregisters, KRS-Nummer 0000366024, Inhaber der Steueridentifikationsnummer NIP: 813-36-35-049 und der statistischen Nummer REGON 180614900, ist Verwalter der pers\u00f6nlichen Daten, die im Zusammenhang mit der Nutzung des Dienstes zur Verf\u00fcgung gestellt werden, im Folgenden als &#8222;Pers\u00f6nliche Daten&#8220; bezeichnet. Die Verarbeitung der bereitgestellten pers\u00f6nlichen Daten erfolgt in \u00dcbereinstimmung mit der Verordnung (EU) 2016\/679 des Europ\u00e4ischen Parlaments und des Rates vom 27. April 2016 zum Schutz nat\u00fcrlicher Personen bei der Verarbeitung pers\u00f6nlicher Daten und zum freien Verkehr dieser Daten.<\/p>\n<p>Mit der Nutzung des von Danmar Computers Sp. z o.o. angebotenen Dienstes erkl\u00e4ren Sie sich damit einverstanden, dass Informationen gesammelt und auf eine Weise verwendet werden, die mit den hier genannten Grunds\u00e4tzen \u00fcbereinstimmt.<\/p>\n<p>Die pers\u00f6nlichen Daten, die verarbeitet werden, werden w\u00e4hrend der Dauer der Nutzung des Dienstes gespeichert. Sollte der Dienst 12 Monate lang nicht genutzt (aufgerufen) worden sein, k\u00f6nnen die pers\u00f6nlichen Daten in \u00dcbereinstimmung mit dieser<\/p>\n<p>Datenschutzrichtlinie endg\u00fcltig gel\u00f6scht werden.<\/p>\n<p>Der Nutzer hat das Recht, die erteilte Zustimmung zur Verarbeitung pers\u00f6nlicher Daten jederzeit zu widerrufen. Der Widerruf der Einwilligung ber\u00fchrt nicht die Rechtm\u00e4\u00dfigkeit der Verarbeitung aufgrund der Einwilligung vor deren Widerruf. Der Nutzer hat das Recht, eine Beschwerde bei einer Aufsichtsbeh\u00f6rde einzureichen.<\/p>\n<p><strong>Welche Art von Daten wir sammeln<\/strong><\/p>\n<p>Um den Dienst nutzen zu k\u00f6nnen, m\u00fcssen Sie einige pers\u00f6nliche Daten angeben (Vor- und Nachname, E-Mail-Adresse und optional Daten, die zus\u00e4tzlich im Profil angegeben werden k\u00f6nnen). Wenn Sie diese Daten nicht angeben, k\u00f6nnen wir Ihnen den Zugang zu dem Dienst nicht erm\u00f6glichen.<\/p>\n<p>Es ist wichtig zu beachten, dass die Zustimmung von Dritten erforderlich ist, wenn pers\u00f6nliche Daten von Dritten an Danmar Computers Sp. z o.o. weitergegeben werden. Danmar Computers Sp. z o.o. bittet darum, dass alle zur Verf\u00fcgung gestellten pers\u00f6nlichen Daten g\u00fcltig, richtig und aktuell sind, und dass alle \u00c4nderungen so schnell wie m\u00f6glich vorgenommen werden sollten.<\/p>\n<p>Jedes Mal, wenn Sie auf den Dienst zugreifen, l\u00e4dt unser Netzwerkserver automatisch besuchsbezogene Informationen herunter. Zu diesen Informationen geh\u00f6ren: Domain-URL oder Website-Domain, der verwendete Browsertyp, das Betriebssystem, die aufgerufenen Websites sowie Datum und Uhrzeit des Besuchs. Dar\u00fcber hinaus werden pseudonymisierte Daten \u00fcber die Besuche gesammelt und ausschlie\u00dflich zum Zweck der technischen Unterst\u00fctzung sowie zur Wahrung unserer Rechte im Falle einer Sicherheitsverletzung oder einer Verletzung der Nutzung des Dienstes verwendet. Wenn solche Informationen Ihnen zugeordnet werden, erfolgt dies in \u00dcbereinstimmung mit dieser Datenschutzrichtlinie.<\/p>\n<p>Alle f\u00fcr die Anmeldung erforderlichen Daten, die zwischen dem Besucher des Dienstes und Danmar Computers Sp. z o.o. \u00fcbermittelt werden, sind verschl\u00fcsselt, was dazu beitr\u00e4gt, das Risiko von Datenverlusten zu minimieren.<\/p>\n<p><strong>Zweck der Informationsverwendung<\/strong><\/p>\n<p>Die Sammlung der pers\u00f6nlichen Daten durch Danmar Computers Sp. z o.o. hat das Ziel, den Benutzern einen sicheren, problemlosen und ma\u00dfgeschneiderten Zugang zum Dienst zu erm\u00f6glichen. Dar\u00fcber hinaus werden die pers\u00f6nlichen Daten, die Danmar Computers Sp. z o.o. zur Verf\u00fcgung gestellt werden, von Danmar Computers Sp. z o.o. verwendet, um den Benutzer zu registrieren und den Zugang zum Dienst zu erm\u00f6glichen.<\/p>\n<p>Pers\u00f6nliche Daten, oder Teile davon, k\u00f6nnen auch mit anderen Nutzern des Dienstes geteilt werden, abh\u00e4ngig von den Einstellungen im Profil des Nutzers.<\/p>\n<p>Die Firma Danmar Computers Sp. z o.o. sammelt und verarbeitet die pers\u00f6nlichen Daten des Benutzers oder beauftragt Dritte, dies im Namen des Vereins zu tun, soweit dies erlaubt oder notwendig ist, um dem Benutzer Service und Hilfe bei der Probleml\u00f6sung zu bieten, Informationen zu vergleichen, um ihre Richtigkeit zu gew\u00e4hrleisten, Streitigkeiten zu l\u00f6sen, die Identit\u00e4t des Benutzers zu \u00fcberpr\u00fcfen, den Service anzupassen, zu analysieren und zu verbessern, die Interessen des Benutzers und der Danmar Computers Sp. z o.o. zu sch\u00fctzen und Betrug zu verhindern und zu bek\u00e4mpfen. Die gelieferten pers\u00f6nlichen Daten k\u00f6nnen auch zur technischen Unterst\u00fctzung, zur Entwicklung neuer Funktionalit\u00e4ten auf der Grundlage des erbrachten Dienstes und zu dessen Verbesserung verwendet werden, um die Nutzung des Dienstes zu erleichtern.<\/p>\n<p><strong>Politik zur Aufbewahrung und Sicherung von Daten<\/strong><\/p>\n<p>Alle Produktionssysteme werden durch t\u00e4gliche Backups gesichert, die es Danmar Computers Sp. z o.o. erm\u00f6glichen, im Falle eines unerwarteten Ereignisses wie z.B. eines Hardwareausfalls schnell zu reagieren. Das bedeutet, dass, sobald eine Anfrage zur L\u00f6schung von pers\u00f6nlichen Daten eingeht, diese ohne unn\u00f6tige Verz\u00f6gerung aus den Produktionssystemen entfernt werden, aber immer noch in den Backups vorhanden sind. Die pers\u00f6nlichen Daten werden schlie\u00dflich nach einem vollst\u00e4ndigen Sicherungszyklus von bis zu 60 Kalendertagen vollst\u00e4ndig entfernt.<\/p>\n<p><strong>Weitergabe von Daten an Dritte<\/strong><\/p>\n<p>Die gesammelten pers\u00f6nlichen Daten werden in keiner Weise an Dritte verkauft oder weitergegeben, es sei denn, dass sich eine Verpflichtung dazu aus dem Gesetz ergibt, im Falle eines Versto\u00dfes gegen die geltenden Vorschriften oder zum Schutz der Rechte von Danmar Computers Sp. z o.o. oder anderer vor illegalen oder sch\u00e4dlichen Handlungen.<\/p>\n<p>Danmar Computers Sp. z o.o. k\u00f6nnte verpflichtet sein, die pers\u00f6nlichen Daten an die f\u00fcr das jeweilige Projekt zust\u00e4ndige Erasmus+ Nationale Agentur zum Zwecke der Rechnungspr\u00fcfung weiterzugeben. Eine solche Aufforderung kann auch von der Aufsichtsbeh\u00f6rde an die Nationale Agentur Erasmus+, d.h. an die Europ\u00e4ische Kommission, gerichtet werden.<\/p>\n<p>Das Unternehmen Danmar Computers Sp. z o.o. beh\u00e4lt sich das Recht vor, pers\u00f6nliche Daten an bestimmte Dritte weiterzugeben, die von Danmar Computers Sp. z o.o. mit der Durchf\u00fchrung bestimmter laufender Gesch\u00e4ftst\u00e4tigkeiten beauftragt wurden. Es wird darauf hingewiesen, dass Danmar Computers Sp. z o.o. die erforderliche Sorgfalt walten l\u00e4sst, um sicherzustellen, dass die Dritten, an die die pers\u00f6nlichen Daten zu den oben genannten Zwecken weitergegeben werden sollen, die weitergegebenen pers\u00f6nlichen Daten in \u00dcbereinstimmung mit der Datenschutzpolitik von Danmar Computers Sp. z o.o. und in \u00dcbereinstimmung mit dem geltenden Recht behandeln. Dar\u00fcber hinaus k\u00f6nnen die pers\u00f6nlichen Daten des Benutzers im Falle des Verkaufs oder der Umstrukturierung von Danmar Computers Sp. z o.o. weitergegeben werden.<\/p>\n<p><strong>Cookies<\/strong><\/p>\n<p>Die Verwendung von Cookies durch Danmar Computers Sp. z o.o. ist erforderlich, um eine optimale Funktionalit\u00e4t des Dienstes zu gew\u00e4hrleisten. Die Cookies werden auf der Festplatte von Danmar Computers Sp. z o.o. gespeichert und k\u00f6nnen dazu verwendet werden, die individuellen Pr\u00e4ferenzen der Benutzer anzupassen und allgemeine statistische Daten zu sammeln.<\/p>\n<p><strong>\u00c4nderungen der pers\u00f6nlichen Daten<\/strong><\/p>\n<p>Der Nutzer hat das Recht, Zugang zu seinen pers\u00f6nlichen Daten und deren Berichtigung oder L\u00f6schung (&#8222;Recht auf Vergessenwerden&#8220;) zu verlangen oder die Verarbeitung der Daten einzuschr\u00e4nken oder der Verarbeitung zu widersprechen, sowie das Recht auf Daten\u00fcbertragbarkeit. Einige Informationen k\u00f6nnen \u00fcber das Internet mit Hilfe eines Internetbrowsers angezeigt und bearbeitet werden, wenn Sie sich bei dem von Danmar Computers Sp. z o.o. angebotenen Dienst anmelden.<\/p>\n<p>Danmar Computers Sp. z o.o. antwortet auf Anfragen zur Anzeige, Korrektur, Vervollst\u00e4ndigung und L\u00f6schung pers\u00f6nlicher Daten in angemessener Zeit und nach \u00dcberpr\u00fcfung der Identit\u00e4t des Nutzers.<\/p>\n<p>Danmar Computers Sp. z o.o. unternimmt alle angemessenen Anstrengungen, um den W\u00fcnschen der Benutzer nach L\u00f6schung der pers\u00f6nlichen Daten nachzukommen, es sei denn, dass diese Daten aufgrund des geltenden Rechts oder der gesetzlichen Gesch\u00e4ftszwecke aufbewahrt werden m\u00fcssen.<\/p>\n<p><strong>Deaktivierung des Kontos<\/strong><\/p>\n<p>Nachdem Danmar Computers Sp. z o.o. eine Aufforderung zur L\u00f6schung der pers\u00f6nlichen Daten erhalten hat, werden die betreffenden pers\u00f6nlichen Daten ohne unn\u00f6tige Verz\u00f6gerung gesperrt und der Zugang zum Dienst wird nicht mehr m\u00f6glich sein. Die pers\u00f6nlichen Daten werden bis zu 30 Kalendertagen gespeichert, damit sie wiederhergestellt werden k\u00f6nnen, falls der Antrag auf Deaktivierung des Kontos versehentlich gestellt wurde. Nach 30 Kalendertagen ist die Wiederherstellung der pers\u00f6nlichen Daten nicht mehr m\u00f6glich.<\/p>\n<p>Um laufende Aktivit\u00e4ten aufrechtzuerhalten und um Verwirrung bei anderen Nutzern zu vermeiden, werden bestimmte Inhalte nicht gel\u00f6scht. Dazu geh\u00f6ren alle Informationen, die dem Dienst bisher zur Verf\u00fcgung gestellt und eingegeben wurden (wie z. B. Nachrichten oder Dateien). Nach der Deaktivierung des Kontos werden diese Informationen als &#8222;Deaktivierter Benutzer&#8220; gekennzeichnet. Vor dem Antrag auf Deaktivierung des Kontos k\u00f6nnen die oben genannten Inhalte manuell gel\u00f6scht werden.<\/p>\n<p><strong>Kinder<\/strong><\/p>\n<p>Der Dienst ist nicht f\u00fcr Kinder unter 18 Jahren bestimmt und ist auch nicht dazu gedacht, ihre Aufmerksamkeit zu erregen. Danmar Computers Sp. z o.o. sammelt keine pers\u00f6nlichen Daten von Kindern unter 18 Jahren und in einigen L\u00e4ndern auch nicht von Kindern im Alter von 18 Jahren in einer beabsichtigten und bewussten Weise. Wir ermutigen die Eltern, sich f\u00fcr die Internetaktivit\u00e4ten ihrer Kinder zu interessieren, um zu gew\u00e4hrleisten, dass keine Informationen von Kindern ohne elterliche Zustimmung gesammelt werden.<\/p>\n<p><strong>Sicherheit<\/strong><\/p>\n<p>Danmar Computers Sp. z o.o. wendet technische und organisatorische Mittel an, um die von Danmar Computers Sp. z o.o. gesammelten pers\u00f6nlichen Daten vor unbefugtem Zugriff oder missbr\u00e4uchlicher Nutzung durch unbefugte Personen zu sch\u00fctzen. Die angewandten Methoden und technischen Mittel werden mit der Entwicklung der neuen Technologien, Bed\u00fcrfnisse und verf\u00fcgbaren Schutzmethoden verbessert.<\/p>\n<p><strong>Datenschutz und Datenspeicherung<\/strong><\/p>\n<p>Die von Danmar Computers Sp. z o.o. gesammelten Informationen werden f\u00fcr einen angemessenen Zeitraum aufbewahrt, um ihre Verwendung f\u00fcr die hier genannten Zwecke zu erm\u00f6glichen. Die Firma Danmar Computers Sp. z o.o. kann die Dienste von Dritten (Unternehmen) in Anspruch nehmen, um die gesammelten Informationen in ihrem Namen zu sammeln und zu speichern. Alle diese Unternehmen m\u00fcssen die Anforderungen dieser Datenschutzpolitik erf\u00fcllen.<\/p>\n<p><strong>\u00c4nderungen der Datenschutzpolitik<\/strong><\/p>\n<p>Danmar Computers Sp. z o.o. beh\u00e4lt sich das Recht vor, die Grunds\u00e4tze der vorliegenden Datenschutzpolitik jederzeit zu \u00e4ndern. Die Rechte des Benutzers, die sich aus dieser Datenschutzpolitik ergeben, werden ohne Zustimmung des Benutzers nicht eingeschr\u00e4nkt.<\/p>\n<p>Alle \u00c4nderungen dieser Datenschutzpolitik werden deutlich auf dem von Danmar Computers Sp. z o.o. angebotenen Dienst ver\u00f6ffentlicht. Die Nutzer des Dienstes von Danmar Computers Sp. z o.o. sind an die aktuelle Version der Datenschutzpolitik gebunden. Die fr\u00fcheren Versionen dieser Datenschutzpolitik werden in einem Archiv aufbewahrt, damit sich die Benutzer bei Bedarf mit ihnen vertraut machen k\u00f6nnen.<\/p>\n<p><strong>Kontakt<\/strong><\/p>\n<p>Alle Antr\u00e4ge auf Zugang zu Ihren Daten, \u00c4nderung Ihrer Daten oder Fragen zu dieser Datenschutzpolitik sind \u00fcber unser <a href=\"https:\/\/danmar-computers.com.pl\/kontakt\/\">Kontaktformular<\/a>, per <a href=\"mailto:dpo@danmar-computers.com.pl\">E-Mail<\/a> oder schriftlich an die folgende Adresse zu richten:<\/p>\n<p>Danmar Computers Sp. z o.o. ul. Grunwaldzka 16c 35-068 Rzesz\u00f3w Polen.<\/p>","protected":false},"excerpt":{"rendered":"<p>Gem\u00e4\u00df dem europ\u00e4ischen Gesetz zum Schutz pers\u00f6nlicher Daten &#8211; der General Data Protection Regulation (GDPR) &#8211; m\u00f6chten wir Sie dar\u00fcber informieren, dass Ihre pers\u00f6nlichen Daten, die Sie f\u00fcr den Zugang zum E-SELLER Lernportal zur Verf\u00fcgung stellen m\u00fcssen, ausschlie\u00dflich f\u00fcr administrative Zwecke verwendet werden. F\u00fcr Details lesen Sie bitte unsere Datenschutzbestimmungen. Wenn in der folgenden Datenschutzerkl\u00e4rung&hellip;&nbsp;<\/p>\n","protected":false},"author":1,"featured_media":0,"parent":0,"menu_order":0,"comment_status":"closed","ping_status":"closed","template":"","meta":{"neve_meta_sidebar":"","neve_meta_container":"","neve_meta_enable_content_width":"off","neve_meta_content_width":100,"neve_meta_title_alignment":"","neve_meta_author_avatar":"","neve_post_elements_order":"","neve_meta_disable_header":"","neve_meta_disable_footer":"","neve_meta_disable_title":"","footnotes":""},"class_list":["post-406","page","type-page","status-publish","hentry"],"_links":{"self":[{"href":"https:\/\/e-seller.erasmus.site\/de\/wp-json\/wp\/v2\/pages\/406","targetHints":{"allow":["GET"]}}],"collection":[{"href":"https:\/\/e-seller.erasmus.site\/de\/wp-json\/wp\/v2\/pages"}],"about":[{"href":"https:\/\/e-seller.erasmus.site\/de\/wp-json\/wp\/v2\/types\/page"}],"author":[{"embeddable":true,"href":"https:\/\/e-seller.erasmus.site\/de\/wp-json\/wp\/v2\/users\/1"}],"replies":[{"embeddable":true,"href":"https:\/\/e-seller.erasmus.site\/de\/wp-json\/wp\/v2\/comments?post=406"}],"version-history":[{"count":1,"href":"https:\/\/e-seller.erasmus.site\/de\/wp-json\/wp\/v2\/pages\/406\/revisions"}],"predecessor-version":[{"id":407,"href":"https:\/\/e-seller.erasmus.site\/de\/wp-json\/wp\/v2\/pages\/406\/revisions\/407"}],"wp:attachment":[{"href":"https:\/\/e-seller.erasmus.site\/de\/wp-json\/wp\/v2\/media?parent=406"}],"curies":[{"name":"wp","href":"https:\/\/api.w.org\/{rel}","templated":true}]}}